{"id":75,"date":"2025-10-09T17:56:01","date_gmt":"2025-10-09T17:56:01","guid":{"rendered":"https:\/\/goncalvesoliveira.com\/?page_id=75"},"modified":"2025-10-19T00:31:00","modified_gmt":"2025-10-19T00:31:00","slug":"1-politica-de-privacidade","status":"publish","type":"page","link":"https:\/\/goncalvesoliveira.com\/?page_id=75","title":{"rendered":"Pol\u00edtica de Privacidade"},"content":{"rendered":"\n<p><strong>\u00daltima atualiza\u00e7\u00e3o:<\/strong> Outubro de 2025<\/p>\n\n\n\n<p>Bem-vindo(a) ao <strong>Suplementos<\/strong> (<a href=\"https:\/\/goncalvesoliveira.com\">https:\/\/goncalvesoliveira.com<\/a>).<br>Sua privacidade \u00e9 muito importante para n\u00f3s. Esta Pol\u00edtica de Privacidade descreve como coletamos, usamos e protegemos as informa\u00e7\u00f5es pessoais dos visitantes e usu\u00e1rios do nosso site.<\/p>\n\n\n\n<h3 class=\"wp-block-heading\"><strong>Coleta de informa\u00e7\u00f5es<\/strong><\/h3>\n\n\n\n<p>Podemos coletar informa\u00e7\u00f5es pessoais quando voc\u00ea:<\/p>\n\n\n\n<ul class=\"wp-block-list\">\n<li>Deixa coment\u00e1rios ou preenche formul\u00e1rios de contato;<\/li>\n\n\n\n<li>Inscreve-se em nossa newsletter;<\/li>\n\n\n\n<li>Faz uma compra atrav\u00e9s de links de afiliado.<\/li>\n<\/ul>\n\n\n\n<p>As informa\u00e7\u00f5es podem incluir nome, e-mail, endere\u00e7o IP e dados do navegador.<\/p>\n\n\n\n<h3 class=\"wp-block-heading\"><strong>Uso das informa\u00e7\u00f5es<\/strong><\/h3>\n\n\n\n<p>As informa\u00e7\u00f5es coletadas s\u00e3o usadas para:<\/p>\n\n\n\n<ul class=\"wp-block-list\">\n<li>Melhorar sua experi\u00eancia no site;<\/li>\n\n\n\n<li>Enviar comunica\u00e7\u00f5es e conte\u00fados relevantes;<\/li>\n\n\n\n<li>Analisar o tr\u00e1fego e desempenho das p\u00e1ginas;<\/li>\n\n\n\n<li>Exibir produtos e ofertas de parceiros afiliados.<\/li>\n<\/ul>\n\n\n\n<h3 class=\"wp-block-heading\"><strong>Cookies<\/strong><\/h3>\n\n\n\n<p>Utilizamos cookies para armazenar prefer\u00eancias e entender como voc\u00ea interage com o site. Voc\u00ea pode desativ\u00e1-los nas configura\u00e7\u00f5es do seu navegador.<\/p>\n\n\n\n<h3 class=\"wp-block-heading\"><strong>Links de Afiliados<\/strong><\/h3>\n\n\n\n<p>Nosso site cont\u00e9m links de afiliados. Isso significa que podemos receber uma pequena comiss\u00e3o caso voc\u00ea compre um produto por meio de nossos links \u2014 sem custo adicional para voc\u00ea.<\/p>\n\n\n\n<h3 class=\"wp-block-heading\"><strong>Prote\u00e7\u00e3o dos Dados<\/strong><\/h3>\n\n\n\n<p>Seus dados pessoais s\u00e3o tratados com seguran\u00e7a e n\u00e3o s\u00e3o vendidos ou compartilhados com terceiros n\u00e3o autorizados.<\/p>\n\n\n\n<h3 class=\"wp-block-heading\"><strong>Contato<\/strong><\/h3>\n\n\n\n<p>Para d\u00favidas sobre esta Pol\u00edtica, entre em contato:<br>\ud83d\udce7 <strong><a>vgoliveirasuplemento@gmail.com<\/a><\/strong><\/p>\n","protected":false},"excerpt":{"rendered":"<p>\u00daltima atualiza\u00e7\u00e3o: Outubro de 2025 Bem-vindo(a) ao Suplementos (https:\/\/goncalvesoliveira.com).Sua privacidade \u00e9 muito importante para n\u00f3s. Esta Pol\u00edtica de Privacidade descreve como coletamos, usamos e protegemos as informa\u00e7\u00f5es pessoais dos visitantes e usu\u00e1rios do nosso site. Coleta de informa\u00e7\u00f5es Podemos coletar informa\u00e7\u00f5es pessoais quando voc\u00ea: As informa\u00e7\u00f5es podem incluir nome, e-mail, endere\u00e7o IP e dados do navegador. Uso das informa\u00e7\u00f5es As informa\u00e7\u00f5es coletadas s\u00e3o usadas para: Cookies Utilizamos cookies para armazenar prefer\u00eancias e entender como voc\u00ea interage com o site. Voc\u00ea pode desativ\u00e1-los nas configura\u00e7\u00f5es do seu navegador. Links de Afiliados Nosso site cont\u00e9m links de afiliados. Isso significa que podemos receber uma pequena comiss\u00e3o caso voc\u00ea compre um produto por meio de nossos links \u2014 sem custo adicional para voc\u00ea. Prote\u00e7\u00e3o dos Dados Seus dados pessoais s\u00e3o tratados com seguran\u00e7a e n\u00e3o s\u00e3o vendidos ou compartilhados com terceiros n\u00e3o autorizados. Contato Para d\u00favidas sobre esta Pol\u00edtica, entre em contato:\ud83d\udce7 vgoliveirasuplemento@gmail.com<\/p>\n","protected":false},"author":1,"featured_media":0,"parent":0,"menu_order":0,"comment_status":"closed","ping_status":"closed","template":"","meta":{"footnotes":""},"class_list":["post-75","page","type-page","status-publish","hentry"],"yoast_head":"<!-- This site is optimized with the Yoast SEO plugin v26.2 - https:\/\/yoast.com\/wordpress\/plugins\/seo\/ -->\n<title>Pol\u00edtica de Privacidade - Suplementos<\/title>\n<meta name=\"robots\" content=\"index, follow, max-snippet:-1, max-image-preview:large, max-video-preview:-1\" \/>\n<link rel=\"canonical\" href=\"https:\/\/goncalvesoliveira.com\/?page_id=75\" \/>\n<meta property=\"og:locale\" content=\"pt_BR\" \/>\n<meta property=\"og:type\" content=\"article\" \/>\n<meta property=\"og:title\" content=\"Pol\u00edtica de Privacidade - Suplementos\" \/>\n<meta property=\"og:description\" content=\"\u00daltima atualiza\u00e7\u00e3o: Outubro de 2025 Bem-vindo(a) ao Suplementos (https:\/\/goncalvesoliveira.com).Sua privacidade \u00e9 muito importante para n\u00f3s. Esta Pol\u00edtica de Privacidade descreve como coletamos, usamos e protegemos as informa\u00e7\u00f5es pessoais dos visitantes e usu\u00e1rios do nosso site. Coleta de informa\u00e7\u00f5es Podemos coletar informa\u00e7\u00f5es pessoais quando voc\u00ea: As informa\u00e7\u00f5es podem incluir nome, e-mail, endere\u00e7o IP e dados do navegador. Uso das informa\u00e7\u00f5es As informa\u00e7\u00f5es coletadas s\u00e3o usadas para: Cookies Utilizamos cookies para armazenar prefer\u00eancias e entender como voc\u00ea interage com o site. Voc\u00ea pode desativ\u00e1-los nas configura\u00e7\u00f5es do seu navegador. Links de Afiliados Nosso site cont\u00e9m links de afiliados. Isso significa que podemos receber uma pequena comiss\u00e3o caso voc\u00ea compre um produto por meio de nossos links \u2014 sem custo adicional para voc\u00ea. Prote\u00e7\u00e3o dos Dados Seus dados pessoais s\u00e3o tratados com seguran\u00e7a e n\u00e3o s\u00e3o vendidos ou compartilhados com terceiros n\u00e3o autorizados. Contato Para d\u00favidas sobre esta Pol\u00edtica, entre em contato:\ud83d\udce7 vgoliveirasuplemento@gmail.com\" \/>\n<meta property=\"og:url\" content=\"https:\/\/goncalvesoliveira.com\/?page_id=75\" \/>\n<meta property=\"og:site_name\" content=\"Suplementos\" \/>\n<meta property=\"article:modified_time\" content=\"2025-10-19T00:31:00+00:00\" \/>\n<meta name=\"twitter:card\" content=\"summary_large_image\" \/>\n<meta name=\"twitter:label1\" content=\"Est. tempo de leitura\" \/>\n\t<meta name=\"twitter:data1\" content=\"1 minuto\" \/>\n<script type=\"application\/ld+json\" class=\"yoast-schema-graph\">{\"@context\":\"https:\/\/schema.org\",\"@graph\":[{\"@type\":\"WebPage\",\"@id\":\"https:\/\/goncalvesoliveira.com\/?page_id=75\",\"url\":\"https:\/\/goncalvesoliveira.com\/?page_id=75\",\"name\":\"Pol\u00edtica de Privacidade - Suplementos\",\"isPartOf\":{\"@id\":\"https:\/\/goncalvesoliveira.com\/#website\"},\"datePublished\":\"2025-10-09T17:56:01+00:00\",\"dateModified\":\"2025-10-19T00:31:00+00:00\",\"breadcrumb\":{\"@id\":\"https:\/\/goncalvesoliveira.com\/?page_id=75#breadcrumb\"},\"inLanguage\":\"pt-BR\",\"potentialAction\":[{\"@type\":\"ReadAction\",\"target\":[\"https:\/\/goncalvesoliveira.com\/?page_id=75\"]}]},{\"@type\":\"BreadcrumbList\",\"@id\":\"https:\/\/goncalvesoliveira.com\/?page_id=75#breadcrumb\",\"itemListElement\":[{\"@type\":\"ListItem\",\"position\":1,\"name\":\"In\u00edcio\",\"item\":\"https:\/\/goncalvesoliveira.com\/\"},{\"@type\":\"ListItem\",\"position\":2,\"name\":\"Pol\u00edtica de Privacidade\"}]},{\"@type\":\"WebSite\",\"@id\":\"https:\/\/goncalvesoliveira.com\/#website\",\"url\":\"https:\/\/goncalvesoliveira.com\/\",\"name\":\"Suplementos\",\"description\":\"O refor\u00e7o di\u00e1rio que seu corpo precisa para manter energia, equil\u00edbrio e bem-estar!\",\"publisher\":{\"@id\":\"https:\/\/goncalvesoliveira.com\/#organization\"},\"potentialAction\":[{\"@type\":\"SearchAction\",\"target\":{\"@type\":\"EntryPoint\",\"urlTemplate\":\"https:\/\/goncalvesoliveira.com\/?s={search_term_string}\"},\"query-input\":{\"@type\":\"PropertyValueSpecification\",\"valueRequired\":true,\"valueName\":\"search_term_string\"}}],\"inLanguage\":\"pt-BR\"},{\"@type\":\"Organization\",\"@id\":\"https:\/\/goncalvesoliveira.com\/#organization\",\"name\":\"Suplementos\",\"url\":\"https:\/\/goncalvesoliveira.com\/\",\"logo\":{\"@type\":\"ImageObject\",\"inLanguage\":\"pt-BR\",\"@id\":\"https:\/\/goncalvesoliveira.com\/#\/schema\/logo\/image\/\",\"url\":\"https:\/\/goncalvesoliveira.com\/wp-content\/uploads\/2025\/10\/logotipo.jpeg\",\"contentUrl\":\"https:\/\/goncalvesoliveira.com\/wp-content\/uploads\/2025\/10\/logotipo.jpeg\",\"width\":500,\"height\":500,\"caption\":\"Suplementos\"},\"image\":{\"@id\":\"https:\/\/goncalvesoliveira.com\/#\/schema\/logo\/image\/\"}}]}<\/script>\n<!-- \/ Yoast SEO plugin. -->","yoast_head_json":{"title":"Pol\u00edtica de Privacidade - Suplementos","robots":{"index":"index","follow":"follow","max-snippet":"max-snippet:-1","max-image-preview":"max-image-preview:large","max-video-preview":"max-video-preview:-1"},"canonical":"https:\/\/goncalvesoliveira.com\/?page_id=75","og_locale":"pt_BR","og_type":"article","og_title":"Pol\u00edtica de Privacidade - Suplementos","og_description":"\u00daltima atualiza\u00e7\u00e3o: Outubro de 2025 Bem-vindo(a) ao Suplementos (https:\/\/goncalvesoliveira.com).Sua privacidade \u00e9 muito importante para n\u00f3s. Esta Pol\u00edtica de Privacidade descreve como coletamos, usamos e protegemos as informa\u00e7\u00f5es pessoais dos visitantes e usu\u00e1rios do nosso site. Coleta de informa\u00e7\u00f5es Podemos coletar informa\u00e7\u00f5es pessoais quando voc\u00ea: As informa\u00e7\u00f5es podem incluir nome, e-mail, endere\u00e7o IP e dados do navegador. Uso das informa\u00e7\u00f5es As informa\u00e7\u00f5es coletadas s\u00e3o usadas para: Cookies Utilizamos cookies para armazenar prefer\u00eancias e entender como voc\u00ea interage com o site. Voc\u00ea pode desativ\u00e1-los nas configura\u00e7\u00f5es do seu navegador. Links de Afiliados Nosso site cont\u00e9m links de afiliados. Isso significa que podemos receber uma pequena comiss\u00e3o caso voc\u00ea compre um produto por meio de nossos links \u2014 sem custo adicional para voc\u00ea. Prote\u00e7\u00e3o dos Dados Seus dados pessoais s\u00e3o tratados com seguran\u00e7a e n\u00e3o s\u00e3o vendidos ou compartilhados com terceiros n\u00e3o autorizados. Contato Para d\u00favidas sobre esta Pol\u00edtica, entre em contato:\ud83d\udce7 vgoliveirasuplemento@gmail.com","og_url":"https:\/\/goncalvesoliveira.com\/?page_id=75","og_site_name":"Suplementos","article_modified_time":"2025-10-19T00:31:00+00:00","twitter_card":"summary_large_image","twitter_misc":{"Est. tempo de leitura":"1 minuto"},"schema":{"@context":"https:\/\/schema.org","@graph":[{"@type":"WebPage","@id":"https:\/\/goncalvesoliveira.com\/?page_id=75","url":"https:\/\/goncalvesoliveira.com\/?page_id=75","name":"Pol\u00edtica de Privacidade - Suplementos","isPartOf":{"@id":"https:\/\/goncalvesoliveira.com\/#website"},"datePublished":"2025-10-09T17:56:01+00:00","dateModified":"2025-10-19T00:31:00+00:00","breadcrumb":{"@id":"https:\/\/goncalvesoliveira.com\/?page_id=75#breadcrumb"},"inLanguage":"pt-BR","potentialAction":[{"@type":"ReadAction","target":["https:\/\/goncalvesoliveira.com\/?page_id=75"]}]},{"@type":"BreadcrumbList","@id":"https:\/\/goncalvesoliveira.com\/?page_id=75#breadcrumb","itemListElement":[{"@type":"ListItem","position":1,"name":"In\u00edcio","item":"https:\/\/goncalvesoliveira.com\/"},{"@type":"ListItem","position":2,"name":"Pol\u00edtica de Privacidade"}]},{"@type":"WebSite","@id":"https:\/\/goncalvesoliveira.com\/#website","url":"https:\/\/goncalvesoliveira.com\/","name":"Suplementos","description":"O refor\u00e7o di\u00e1rio que seu corpo precisa para manter energia, equil\u00edbrio e bem-estar!","publisher":{"@id":"https:\/\/goncalvesoliveira.com\/#organization"},"potentialAction":[{"@type":"SearchAction","target":{"@type":"EntryPoint","urlTemplate":"https:\/\/goncalvesoliveira.com\/?s={search_term_string}"},"query-input":{"@type":"PropertyValueSpecification","valueRequired":true,"valueName":"search_term_string"}}],"inLanguage":"pt-BR"},{"@type":"Organization","@id":"https:\/\/goncalvesoliveira.com\/#organization","name":"Suplementos","url":"https:\/\/goncalvesoliveira.com\/","logo":{"@type":"ImageObject","inLanguage":"pt-BR","@id":"https:\/\/goncalvesoliveira.com\/#\/schema\/logo\/image\/","url":"https:\/\/goncalvesoliveira.com\/wp-content\/uploads\/2025\/10\/logotipo.jpeg","contentUrl":"https:\/\/goncalvesoliveira.com\/wp-content\/uploads\/2025\/10\/logotipo.jpeg","width":500,"height":500,"caption":"Suplementos"},"image":{"@id":"https:\/\/goncalvesoliveira.com\/#\/schema\/logo\/image\/"}}]}},"_hostinger_reach_plugin_has_subscription_block":false,"_hostinger_reach_plugin_is_elementor":false,"_links":{"self":[{"href":"https:\/\/goncalvesoliveira.com\/index.php?rest_route=\/wp\/v2\/pages\/75","targetHints":{"allow":["GET"]}}],"collection":[{"href":"https:\/\/goncalvesoliveira.com\/index.php?rest_route=\/wp\/v2\/pages"}],"about":[{"href":"https:\/\/goncalvesoliveira.com\/index.php?rest_route=\/wp\/v2\/types\/page"}],"author":[{"embeddable":true,"href":"https:\/\/goncalvesoliveira.com\/index.php?rest_route=\/wp\/v2\/users\/1"}],"replies":[{"embeddable":true,"href":"https:\/\/goncalvesoliveira.com\/index.php?rest_route=%2Fwp%2Fv2%2Fcomments&post=75"}],"version-history":[{"count":2,"href":"https:\/\/goncalvesoliveira.com\/index.php?rest_route=\/wp\/v2\/pages\/75\/revisions"}],"predecessor-version":[{"id":247,"href":"https:\/\/goncalvesoliveira.com\/index.php?rest_route=\/wp\/v2\/pages\/75\/revisions\/247"}],"wp:attachment":[{"href":"https:\/\/goncalvesoliveira.com\/index.php?rest_route=%2Fwp%2Fv2%2Fmedia&parent=75"}],"curies":[{"name":"wp","href":"https:\/\/api.w.org\/{rel}","templated":true}]}}