{"id":77,"date":"2025-10-09T17:58:25","date_gmt":"2025-10-09T17:58:25","guid":{"rendered":"https:\/\/goncalvesoliveira.com\/?page_id=77"},"modified":"2025-10-09T17:58:47","modified_gmt":"2025-10-09T17:58:47","slug":"termos-de-uso","status":"publish","type":"page","link":"https:\/\/goncalvesoliveira.com\/?page_id=77","title":{"rendered":"Termos de Uso"},"content":{"rendered":"\n<p>Ao acessar o site <strong>Suplementos<\/strong>, voc\u00ea concorda com os seguintes Termos de Uso:<\/p>\n\n\n\n<h3 class=\"wp-block-heading\"><strong>Uso do Site<\/strong><\/h3>\n\n\n\n<p>O conte\u00fado deste site \u00e9 apenas informativo e n\u00e3o substitui orienta\u00e7\u00e3o m\u00e9dica ou profissional.<br>Voc\u00ea se compromete a usar o site de forma \u00e9tica, sem violar leis ou direitos de terceiros.<\/p>\n\n\n\n<h3 class=\"wp-block-heading\"><strong>Conte\u00fado<\/strong><\/h3>\n\n\n\n<p>Todo o conte\u00fado, incluindo textos, imagens e v\u00eddeos, pertence ao site <strong>Suplementos<\/strong> ou a seus parceiros. \u00c9 proibida a reprodu\u00e7\u00e3o sem autoriza\u00e7\u00e3o.<\/p>\n\n\n\n<h3 class=\"wp-block-heading\"><strong>Links Externos<\/strong><\/h3>\n\n\n\n<p>Podemos incluir links para sites de terceiros. N\u00e3o nos responsabilizamos pelo conte\u00fado, pol\u00edticas ou pr\u00e1ticas desses sites.<\/p>\n\n\n\n<h3 class=\"wp-block-heading\"><strong>Altera\u00e7\u00f5es<\/strong><\/h3>\n\n\n\n<p>Podemos atualizar estes termos a qualquer momento. Recomendamos revisar esta p\u00e1gina periodicamente.<\/p>\n\n\n\n<p><\/p>\n","protected":false},"excerpt":{"rendered":"<p>Ao acessar o site Suplementos, voc\u00ea concorda com os seguintes Termos de Uso: Uso do Site O conte\u00fado deste site \u00e9 apenas informativo e n\u00e3o substitui orienta\u00e7\u00e3o m\u00e9dica ou profissional.Voc\u00ea se compromete a usar o site de forma \u00e9tica, sem violar leis ou direitos de terceiros. Conte\u00fado Todo o conte\u00fado, incluindo textos, imagens e v\u00eddeos, pertence ao site Suplementos ou a seus parceiros. \u00c9 proibida a reprodu\u00e7\u00e3o sem autoriza\u00e7\u00e3o. Links Externos Podemos incluir links para sites de terceiros. N\u00e3o nos responsabilizamos pelo conte\u00fado, pol\u00edticas ou pr\u00e1ticas desses sites. Altera\u00e7\u00f5es Podemos atualizar estes termos a qualquer momento. Recomendamos revisar esta p\u00e1gina periodicamente.<\/p>\n","protected":false},"author":1,"featured_media":0,"parent":0,"menu_order":0,"comment_status":"closed","ping_status":"closed","template":"","meta":{"footnotes":""},"class_list":["post-77","page","type-page","status-publish","hentry"],"yoast_head":"<!-- This site is optimized with the Yoast SEO plugin v26.2 - https:\/\/yoast.com\/wordpress\/plugins\/seo\/ -->\n<title>Termos de Uso - Suplementos<\/title>\n<meta name=\"robots\" content=\"index, follow, max-snippet:-1, max-image-preview:large, max-video-preview:-1\" \/>\n<link rel=\"canonical\" href=\"https:\/\/goncalvesoliveira.com\/?page_id=77\" \/>\n<meta property=\"og:locale\" content=\"pt_BR\" \/>\n<meta property=\"og:type\" content=\"article\" \/>\n<meta property=\"og:title\" content=\"Termos de Uso - Suplementos\" \/>\n<meta property=\"og:description\" content=\"Ao acessar o site Suplementos, voc\u00ea concorda com os seguintes Termos de Uso: Uso do Site O conte\u00fado deste site \u00e9 apenas informativo e n\u00e3o substitui orienta\u00e7\u00e3o m\u00e9dica ou profissional.Voc\u00ea se compromete a usar o site de forma \u00e9tica, sem violar leis ou direitos de terceiros. Conte\u00fado Todo o conte\u00fado, incluindo textos, imagens e v\u00eddeos, pertence ao site Suplementos ou a seus parceiros. \u00c9 proibida a reprodu\u00e7\u00e3o sem autoriza\u00e7\u00e3o. Links Externos Podemos incluir links para sites de terceiros. N\u00e3o nos responsabilizamos pelo conte\u00fado, pol\u00edticas ou pr\u00e1ticas desses sites. Altera\u00e7\u00f5es Podemos atualizar estes termos a qualquer momento. Recomendamos revisar esta p\u00e1gina periodicamente.\" \/>\n<meta property=\"og:url\" content=\"https:\/\/goncalvesoliveira.com\/?page_id=77\" \/>\n<meta property=\"og:site_name\" content=\"Suplementos\" \/>\n<meta property=\"article:modified_time\" content=\"2025-10-09T17:58:47+00:00\" \/>\n<meta name=\"twitter:card\" content=\"summary_large_image\" \/>\n<meta name=\"twitter:label1\" content=\"Est. tempo de leitura\" \/>\n\t<meta name=\"twitter:data1\" content=\"1 minuto\" \/>\n<script type=\"application\/ld+json\" class=\"yoast-schema-graph\">{\"@context\":\"https:\/\/schema.org\",\"@graph\":[{\"@type\":\"WebPage\",\"@id\":\"https:\/\/goncalvesoliveira.com\/?page_id=77\",\"url\":\"https:\/\/goncalvesoliveira.com\/?page_id=77\",\"name\":\"Termos de Uso - Suplementos\",\"isPartOf\":{\"@id\":\"https:\/\/goncalvesoliveira.com\/#website\"},\"datePublished\":\"2025-10-09T17:58:25+00:00\",\"dateModified\":\"2025-10-09T17:58:47+00:00\",\"breadcrumb\":{\"@id\":\"https:\/\/goncalvesoliveira.com\/?page_id=77#breadcrumb\"},\"inLanguage\":\"pt-BR\",\"potentialAction\":[{\"@type\":\"ReadAction\",\"target\":[\"https:\/\/goncalvesoliveira.com\/?page_id=77\"]}]},{\"@type\":\"BreadcrumbList\",\"@id\":\"https:\/\/goncalvesoliveira.com\/?page_id=77#breadcrumb\",\"itemListElement\":[{\"@type\":\"ListItem\",\"position\":1,\"name\":\"In\u00edcio\",\"item\":\"https:\/\/goncalvesoliveira.com\/\"},{\"@type\":\"ListItem\",\"position\":2,\"name\":\"Termos de Uso\"}]},{\"@type\":\"WebSite\",\"@id\":\"https:\/\/goncalvesoliveira.com\/#website\",\"url\":\"https:\/\/goncalvesoliveira.com\/\",\"name\":\"Suplementos\",\"description\":\"O refor\u00e7o di\u00e1rio que seu corpo precisa para manter energia, equil\u00edbrio e bem-estar!\",\"publisher\":{\"@id\":\"https:\/\/goncalvesoliveira.com\/#organization\"},\"potentialAction\":[{\"@type\":\"SearchAction\",\"target\":{\"@type\":\"EntryPoint\",\"urlTemplate\":\"https:\/\/goncalvesoliveira.com\/?s={search_term_string}\"},\"query-input\":{\"@type\":\"PropertyValueSpecification\",\"valueRequired\":true,\"valueName\":\"search_term_string\"}}],\"inLanguage\":\"pt-BR\"},{\"@type\":\"Organization\",\"@id\":\"https:\/\/goncalvesoliveira.com\/#organization\",\"name\":\"Suplementos\",\"url\":\"https:\/\/goncalvesoliveira.com\/\",\"logo\":{\"@type\":\"ImageObject\",\"inLanguage\":\"pt-BR\",\"@id\":\"https:\/\/goncalvesoliveira.com\/#\/schema\/logo\/image\/\",\"url\":\"https:\/\/goncalvesoliveira.com\/wp-content\/uploads\/2025\/10\/logotipo.jpeg\",\"contentUrl\":\"https:\/\/goncalvesoliveira.com\/wp-content\/uploads\/2025\/10\/logotipo.jpeg\",\"width\":500,\"height\":500,\"caption\":\"Suplementos\"},\"image\":{\"@id\":\"https:\/\/goncalvesoliveira.com\/#\/schema\/logo\/image\/\"}}]}<\/script>\n<!-- \/ Yoast SEO plugin. -->","yoast_head_json":{"title":"Termos de Uso - Suplementos","robots":{"index":"index","follow":"follow","max-snippet":"max-snippet:-1","max-image-preview":"max-image-preview:large","max-video-preview":"max-video-preview:-1"},"canonical":"https:\/\/goncalvesoliveira.com\/?page_id=77","og_locale":"pt_BR","og_type":"article","og_title":"Termos de Uso - Suplementos","og_description":"Ao acessar o site Suplementos, voc\u00ea concorda com os seguintes Termos de Uso: Uso do Site O conte\u00fado deste site \u00e9 apenas informativo e n\u00e3o substitui orienta\u00e7\u00e3o m\u00e9dica ou profissional.Voc\u00ea se compromete a usar o site de forma \u00e9tica, sem violar leis ou direitos de terceiros. Conte\u00fado Todo o conte\u00fado, incluindo textos, imagens e v\u00eddeos, pertence ao site Suplementos ou a seus parceiros. \u00c9 proibida a reprodu\u00e7\u00e3o sem autoriza\u00e7\u00e3o. Links Externos Podemos incluir links para sites de terceiros. N\u00e3o nos responsabilizamos pelo conte\u00fado, pol\u00edticas ou pr\u00e1ticas desses sites. Altera\u00e7\u00f5es Podemos atualizar estes termos a qualquer momento. Recomendamos revisar esta p\u00e1gina periodicamente.","og_url":"https:\/\/goncalvesoliveira.com\/?page_id=77","og_site_name":"Suplementos","article_modified_time":"2025-10-09T17:58:47+00:00","twitter_card":"summary_large_image","twitter_misc":{"Est. tempo de leitura":"1 minuto"},"schema":{"@context":"https:\/\/schema.org","@graph":[{"@type":"WebPage","@id":"https:\/\/goncalvesoliveira.com\/?page_id=77","url":"https:\/\/goncalvesoliveira.com\/?page_id=77","name":"Termos de Uso - Suplementos","isPartOf":{"@id":"https:\/\/goncalvesoliveira.com\/#website"},"datePublished":"2025-10-09T17:58:25+00:00","dateModified":"2025-10-09T17:58:47+00:00","breadcrumb":{"@id":"https:\/\/goncalvesoliveira.com\/?page_id=77#breadcrumb"},"inLanguage":"pt-BR","potentialAction":[{"@type":"ReadAction","target":["https:\/\/goncalvesoliveira.com\/?page_id=77"]}]},{"@type":"BreadcrumbList","@id":"https:\/\/goncalvesoliveira.com\/?page_id=77#breadcrumb","itemListElement":[{"@type":"ListItem","position":1,"name":"In\u00edcio","item":"https:\/\/goncalvesoliveira.com\/"},{"@type":"ListItem","position":2,"name":"Termos de Uso"}]},{"@type":"WebSite","@id":"https:\/\/goncalvesoliveira.com\/#website","url":"https:\/\/goncalvesoliveira.com\/","name":"Suplementos","description":"O refor\u00e7o di\u00e1rio que seu corpo precisa para manter energia, equil\u00edbrio e bem-estar!","publisher":{"@id":"https:\/\/goncalvesoliveira.com\/#organization"},"potentialAction":[{"@type":"SearchAction","target":{"@type":"EntryPoint","urlTemplate":"https:\/\/goncalvesoliveira.com\/?s={search_term_string}"},"query-input":{"@type":"PropertyValueSpecification","valueRequired":true,"valueName":"search_term_string"}}],"inLanguage":"pt-BR"},{"@type":"Organization","@id":"https:\/\/goncalvesoliveira.com\/#organization","name":"Suplementos","url":"https:\/\/goncalvesoliveira.com\/","logo":{"@type":"ImageObject","inLanguage":"pt-BR","@id":"https:\/\/goncalvesoliveira.com\/#\/schema\/logo\/image\/","url":"https:\/\/goncalvesoliveira.com\/wp-content\/uploads\/2025\/10\/logotipo.jpeg","contentUrl":"https:\/\/goncalvesoliveira.com\/wp-content\/uploads\/2025\/10\/logotipo.jpeg","width":500,"height":500,"caption":"Suplementos"},"image":{"@id":"https:\/\/goncalvesoliveira.com\/#\/schema\/logo\/image\/"}}]}},"_hostinger_reach_plugin_has_subscription_block":false,"_hostinger_reach_plugin_is_elementor":false,"_links":{"self":[{"href":"https:\/\/goncalvesoliveira.com\/index.php?rest_route=\/wp\/v2\/pages\/77","targetHints":{"allow":["GET"]}}],"collection":[{"href":"https:\/\/goncalvesoliveira.com\/index.php?rest_route=\/wp\/v2\/pages"}],"about":[{"href":"https:\/\/goncalvesoliveira.com\/index.php?rest_route=\/wp\/v2\/types\/page"}],"author":[{"embeddable":true,"href":"https:\/\/goncalvesoliveira.com\/index.php?rest_route=\/wp\/v2\/users\/1"}],"replies":[{"embeddable":true,"href":"https:\/\/goncalvesoliveira.com\/index.php?rest_route=%2Fwp%2Fv2%2Fcomments&post=77"}],"version-history":[{"count":1,"href":"https:\/\/goncalvesoliveira.com\/index.php?rest_route=\/wp\/v2\/pages\/77\/revisions"}],"predecessor-version":[{"id":78,"href":"https:\/\/goncalvesoliveira.com\/index.php?rest_route=\/wp\/v2\/pages\/77\/revisions\/78"}],"wp:attachment":[{"href":"https:\/\/goncalvesoliveira.com\/index.php?rest_route=%2Fwp%2Fv2%2Fmedia&parent=77"}],"curies":[{"name":"wp","href":"https:\/\/api.w.org\/{rel}","templated":true}]}}