{"id":79,"date":"2025-10-09T18:00:57","date_gmt":"2025-10-09T18:00:57","guid":{"rendered":"https:\/\/goncalvesoliveira.com\/?page_id=79"},"modified":"2025-10-09T18:00:58","modified_gmt":"2025-10-09T18:00:58","slug":"sobre-nos","status":"publish","type":"page","link":"https:\/\/goncalvesoliveira.com\/?page_id=79","title":{"rendered":"Sobre N\u00f3s"},"content":{"rendered":"\n<p>O blog <strong>Suplementos<\/strong> nasceu com o prop\u00f3sito de <strong>informar, educar e ajudar pessoas a cuidarem melhor da sa\u00fade f\u00edsica e mental<\/strong> por meio de <strong>suplementos, vitaminas e produtos naturais<\/strong>.<\/p>\n\n\n\n<p>Aqui, voc\u00ea encontra <strong>an\u00e1lises sinceras, comparativos e recomenda\u00e7\u00f5es<\/strong> baseadas em pesquisas e experi\u00eancias reais. Nosso compromisso \u00e9 oferecer <strong>transpar\u00eancia, credibilidade e conte\u00fado \u00fatil<\/strong>, para que voc\u00ea fa\u00e7a escolhas seguras e conscientes.<\/p>\n\n\n\n<p>\ud83d\udc9a Cuidar do corpo e da mente \u00e9 o primeiro passo para uma vida equilibrada.<\/p>\n\n\n\n<p>\ud83d\udce7 Contato: <strong><a>vgoliveirasuplemento@gmail.com<\/a><\/strong><br>\ud83c\udf10 Site: <strong><a href=\"https:\/\/goncalvesoliveira.com\">https:\/\/goncalvesoliveira.com<\/a><\/strong><\/p>\n","protected":false},"excerpt":{"rendered":"<p>O blog Suplementos nasceu com o prop\u00f3sito de informar, educar e ajudar pessoas a cuidarem melhor da sa\u00fade f\u00edsica e mental por meio de suplementos, vitaminas e produtos naturais. Aqui, voc\u00ea encontra an\u00e1lises sinceras, comparativos e recomenda\u00e7\u00f5es baseadas em pesquisas e experi\u00eancias reais. Nosso compromisso \u00e9 oferecer transpar\u00eancia, credibilidade e conte\u00fado \u00fatil, para que voc\u00ea fa\u00e7a escolhas seguras e conscientes. \ud83d\udc9a Cuidar do corpo e da mente \u00e9 o primeiro passo para uma vida equilibrada. \ud83d\udce7 Contato: vgoliveirasuplemento@gmail.com\ud83c\udf10 Site: https:\/\/goncalvesoliveira.com<\/p>\n","protected":false},"author":1,"featured_media":0,"parent":0,"menu_order":0,"comment_status":"closed","ping_status":"closed","template":"","meta":{"footnotes":""},"class_list":["post-79","page","type-page","status-publish","hentry"],"yoast_head":"<!-- This site is optimized with the Yoast SEO plugin v26.2 - https:\/\/yoast.com\/wordpress\/plugins\/seo\/ -->\n<title>Sobre N\u00f3s - Suplementos<\/title>\n<meta name=\"robots\" content=\"index, follow, max-snippet:-1, max-image-preview:large, max-video-preview:-1\" \/>\n<link rel=\"canonical\" href=\"https:\/\/goncalvesoliveira.com\/?page_id=79\" \/>\n<meta property=\"og:locale\" content=\"pt_BR\" \/>\n<meta property=\"og:type\" content=\"article\" \/>\n<meta property=\"og:title\" content=\"Sobre N\u00f3s - Suplementos\" \/>\n<meta property=\"og:description\" content=\"O blog Suplementos nasceu com o prop\u00f3sito de informar, educar e ajudar pessoas a cuidarem melhor da sa\u00fade f\u00edsica e mental por meio de suplementos, vitaminas e produtos naturais. Aqui, voc\u00ea encontra an\u00e1lises sinceras, comparativos e recomenda\u00e7\u00f5es baseadas em pesquisas e experi\u00eancias reais. Nosso compromisso \u00e9 oferecer transpar\u00eancia, credibilidade e conte\u00fado \u00fatil, para que voc\u00ea fa\u00e7a escolhas seguras e conscientes. \ud83d\udc9a Cuidar do corpo e da mente \u00e9 o primeiro passo para uma vida equilibrada. \ud83d\udce7 Contato: vgoliveirasuplemento@gmail.com\ud83c\udf10 Site: https:\/\/goncalvesoliveira.com\" \/>\n<meta property=\"og:url\" content=\"https:\/\/goncalvesoliveira.com\/?page_id=79\" \/>\n<meta property=\"og:site_name\" content=\"Suplementos\" \/>\n<meta property=\"article:modified_time\" content=\"2025-10-09T18:00:58+00:00\" \/>\n<meta name=\"twitter:card\" content=\"summary_large_image\" \/>\n<script type=\"application\/ld+json\" class=\"yoast-schema-graph\">{\"@context\":\"https:\/\/schema.org\",\"@graph\":[{\"@type\":\"WebPage\",\"@id\":\"https:\/\/goncalvesoliveira.com\/?page_id=79\",\"url\":\"https:\/\/goncalvesoliveira.com\/?page_id=79\",\"name\":\"Sobre N\u00f3s - Suplementos\",\"isPartOf\":{\"@id\":\"https:\/\/goncalvesoliveira.com\/#website\"},\"datePublished\":\"2025-10-09T18:00:57+00:00\",\"dateModified\":\"2025-10-09T18:00:58+00:00\",\"breadcrumb\":{\"@id\":\"https:\/\/goncalvesoliveira.com\/?page_id=79#breadcrumb\"},\"inLanguage\":\"pt-BR\",\"potentialAction\":[{\"@type\":\"ReadAction\",\"target\":[\"https:\/\/goncalvesoliveira.com\/?page_id=79\"]}]},{\"@type\":\"BreadcrumbList\",\"@id\":\"https:\/\/goncalvesoliveira.com\/?page_id=79#breadcrumb\",\"itemListElement\":[{\"@type\":\"ListItem\",\"position\":1,\"name\":\"In\u00edcio\",\"item\":\"https:\/\/goncalvesoliveira.com\/\"},{\"@type\":\"ListItem\",\"position\":2,\"name\":\"Sobre N\u00f3s\"}]},{\"@type\":\"WebSite\",\"@id\":\"https:\/\/goncalvesoliveira.com\/#website\",\"url\":\"https:\/\/goncalvesoliveira.com\/\",\"name\":\"Suplementos\",\"description\":\"O refor\u00e7o di\u00e1rio que seu corpo precisa para manter energia, equil\u00edbrio e bem-estar!\",\"publisher\":{\"@id\":\"https:\/\/goncalvesoliveira.com\/#organization\"},\"potentialAction\":[{\"@type\":\"SearchAction\",\"target\":{\"@type\":\"EntryPoint\",\"urlTemplate\":\"https:\/\/goncalvesoliveira.com\/?s={search_term_string}\"},\"query-input\":{\"@type\":\"PropertyValueSpecification\",\"valueRequired\":true,\"valueName\":\"search_term_string\"}}],\"inLanguage\":\"pt-BR\"},{\"@type\":\"Organization\",\"@id\":\"https:\/\/goncalvesoliveira.com\/#organization\",\"name\":\"Suplementos\",\"url\":\"https:\/\/goncalvesoliveira.com\/\",\"logo\":{\"@type\":\"ImageObject\",\"inLanguage\":\"pt-BR\",\"@id\":\"https:\/\/goncalvesoliveira.com\/#\/schema\/logo\/image\/\",\"url\":\"https:\/\/goncalvesoliveira.com\/wp-content\/uploads\/2025\/10\/logotipo.jpeg\",\"contentUrl\":\"https:\/\/goncalvesoliveira.com\/wp-content\/uploads\/2025\/10\/logotipo.jpeg\",\"width\":500,\"height\":500,\"caption\":\"Suplementos\"},\"image\":{\"@id\":\"https:\/\/goncalvesoliveira.com\/#\/schema\/logo\/image\/\"}}]}<\/script>\n<!-- \/ Yoast SEO plugin. -->","yoast_head_json":{"title":"Sobre N\u00f3s - Suplementos","robots":{"index":"index","follow":"follow","max-snippet":"max-snippet:-1","max-image-preview":"max-image-preview:large","max-video-preview":"max-video-preview:-1"},"canonical":"https:\/\/goncalvesoliveira.com\/?page_id=79","og_locale":"pt_BR","og_type":"article","og_title":"Sobre N\u00f3s - Suplementos","og_description":"O blog Suplementos nasceu com o prop\u00f3sito de informar, educar e ajudar pessoas a cuidarem melhor da sa\u00fade f\u00edsica e mental por meio de suplementos, vitaminas e produtos naturais. Aqui, voc\u00ea encontra an\u00e1lises sinceras, comparativos e recomenda\u00e7\u00f5es baseadas em pesquisas e experi\u00eancias reais. Nosso compromisso \u00e9 oferecer transpar\u00eancia, credibilidade e conte\u00fado \u00fatil, para que voc\u00ea fa\u00e7a escolhas seguras e conscientes. \ud83d\udc9a Cuidar do corpo e da mente \u00e9 o primeiro passo para uma vida equilibrada. \ud83d\udce7 Contato: vgoliveirasuplemento@gmail.com\ud83c\udf10 Site: https:\/\/goncalvesoliveira.com","og_url":"https:\/\/goncalvesoliveira.com\/?page_id=79","og_site_name":"Suplementos","article_modified_time":"2025-10-09T18:00:58+00:00","twitter_card":"summary_large_image","schema":{"@context":"https:\/\/schema.org","@graph":[{"@type":"WebPage","@id":"https:\/\/goncalvesoliveira.com\/?page_id=79","url":"https:\/\/goncalvesoliveira.com\/?page_id=79","name":"Sobre N\u00f3s - Suplementos","isPartOf":{"@id":"https:\/\/goncalvesoliveira.com\/#website"},"datePublished":"2025-10-09T18:00:57+00:00","dateModified":"2025-10-09T18:00:58+00:00","breadcrumb":{"@id":"https:\/\/goncalvesoliveira.com\/?page_id=79#breadcrumb"},"inLanguage":"pt-BR","potentialAction":[{"@type":"ReadAction","target":["https:\/\/goncalvesoliveira.com\/?page_id=79"]}]},{"@type":"BreadcrumbList","@id":"https:\/\/goncalvesoliveira.com\/?page_id=79#breadcrumb","itemListElement":[{"@type":"ListItem","position":1,"name":"In\u00edcio","item":"https:\/\/goncalvesoliveira.com\/"},{"@type":"ListItem","position":2,"name":"Sobre N\u00f3s"}]},{"@type":"WebSite","@id":"https:\/\/goncalvesoliveira.com\/#website","url":"https:\/\/goncalvesoliveira.com\/","name":"Suplementos","description":"O refor\u00e7o di\u00e1rio que seu corpo precisa para manter energia, equil\u00edbrio e bem-estar!","publisher":{"@id":"https:\/\/goncalvesoliveira.com\/#organization"},"potentialAction":[{"@type":"SearchAction","target":{"@type":"EntryPoint","urlTemplate":"https:\/\/goncalvesoliveira.com\/?s={search_term_string}"},"query-input":{"@type":"PropertyValueSpecification","valueRequired":true,"valueName":"search_term_string"}}],"inLanguage":"pt-BR"},{"@type":"Organization","@id":"https:\/\/goncalvesoliveira.com\/#organization","name":"Suplementos","url":"https:\/\/goncalvesoliveira.com\/","logo":{"@type":"ImageObject","inLanguage":"pt-BR","@id":"https:\/\/goncalvesoliveira.com\/#\/schema\/logo\/image\/","url":"https:\/\/goncalvesoliveira.com\/wp-content\/uploads\/2025\/10\/logotipo.jpeg","contentUrl":"https:\/\/goncalvesoliveira.com\/wp-content\/uploads\/2025\/10\/logotipo.jpeg","width":500,"height":500,"caption":"Suplementos"},"image":{"@id":"https:\/\/goncalvesoliveira.com\/#\/schema\/logo\/image\/"}}]}},"_hostinger_reach_plugin_has_subscription_block":false,"_hostinger_reach_plugin_is_elementor":false,"_links":{"self":[{"href":"https:\/\/goncalvesoliveira.com\/index.php?rest_route=\/wp\/v2\/pages\/79","targetHints":{"allow":["GET"]}}],"collection":[{"href":"https:\/\/goncalvesoliveira.com\/index.php?rest_route=\/wp\/v2\/pages"}],"about":[{"href":"https:\/\/goncalvesoliveira.com\/index.php?rest_route=\/wp\/v2\/types\/page"}],"author":[{"embeddable":true,"href":"https:\/\/goncalvesoliveira.com\/index.php?rest_route=\/wp\/v2\/users\/1"}],"replies":[{"embeddable":true,"href":"https:\/\/goncalvesoliveira.com\/index.php?rest_route=%2Fwp%2Fv2%2Fcomments&post=79"}],"version-history":[{"count":1,"href":"https:\/\/goncalvesoliveira.com\/index.php?rest_route=\/wp\/v2\/pages\/79\/revisions"}],"predecessor-version":[{"id":80,"href":"https:\/\/goncalvesoliveira.com\/index.php?rest_route=\/wp\/v2\/pages\/79\/revisions\/80"}],"wp:attachment":[{"href":"https:\/\/goncalvesoliveira.com\/index.php?rest_route=%2Fwp%2Fv2%2Fmedia&parent=79"}],"curies":[{"name":"wp","href":"https:\/\/api.w.org\/{rel}","templated":true}]}}