{"id":83,"date":"2025-10-09T18:04:24","date_gmt":"2025-10-09T18:04:24","guid":{"rendered":"https:\/\/goncalvesoliveira.com\/?page_id=83"},"modified":"2025-10-09T18:04:46","modified_gmt":"2025-10-09T18:04:46","slug":"transparencia","status":"publish","type":"page","link":"https:\/\/goncalvesoliveira.com\/?page_id=83","title":{"rendered":"Transpar\u00eancia"},"content":{"rendered":"\n<p>A confian\u00e7a dos nossos leitores \u00e9 o que mais valorizamos.<\/p>\n\n\n\n<p>Por isso, informamos que:<\/p>\n\n\n\n<ul class=\"wp-block-list\">\n<li>Alguns links presentes em nossas p\u00e1ginas s\u00e3o <strong>links de afiliados<\/strong>;<\/li>\n\n\n\n<li>Recebemos uma <strong>pequena comiss\u00e3o<\/strong> quando o visitante realiza uma compra atrav\u00e9s desses links;<\/li>\n\n\n\n<li>As opini\u00f5es publicadas s\u00e3o <strong>honestas e baseadas em experi\u00eancia, pesquisa e avalia\u00e7\u00e3o real<\/strong>;<\/li>\n\n\n\n<li>O objetivo \u00e9 <strong>recomendar apenas produtos de qualidade e que realmente entreguem resultados<\/strong>.<\/li>\n<\/ul>\n\n\n\n<p>Nosso compromisso \u00e9 com voc\u00ea, leitor \u2014 e com a <strong>transpar\u00eancia total em cada recomenda\u00e7\u00e3o.<\/strong><\/p>\n\n\n\n<p>\ud83d\udce7 Em caso de d\u00favidas, entre em contato: <strong><a>vgoliveirasuplemento@gmail.com<\/a><\/strong><\/p>\n","protected":false},"excerpt":{"rendered":"<p>A confian\u00e7a dos nossos leitores \u00e9 o que mais valorizamos. Por isso, informamos que: Nosso compromisso \u00e9 com voc\u00ea, leitor \u2014 e com a transpar\u00eancia total em cada recomenda\u00e7\u00e3o. \ud83d\udce7 Em caso de d\u00favidas, entre em contato: vgoliveirasuplemento@gmail.com<\/p>\n","protected":false},"author":1,"featured_media":0,"parent":0,"menu_order":0,"comment_status":"closed","ping_status":"closed","template":"","meta":{"footnotes":""},"class_list":["post-83","page","type-page","status-publish","hentry"],"yoast_head":"<!-- This site is optimized with the Yoast SEO plugin v26.2 - https:\/\/yoast.com\/wordpress\/plugins\/seo\/ -->\n<title>Transpar\u00eancia - Suplementos<\/title>\n<meta name=\"robots\" content=\"index, follow, max-snippet:-1, max-image-preview:large, max-video-preview:-1\" \/>\n<link rel=\"canonical\" href=\"https:\/\/goncalvesoliveira.com\/?page_id=83\" \/>\n<meta property=\"og:locale\" content=\"pt_BR\" \/>\n<meta property=\"og:type\" content=\"article\" \/>\n<meta property=\"og:title\" content=\"Transpar\u00eancia - Suplementos\" \/>\n<meta property=\"og:description\" content=\"A confian\u00e7a dos nossos leitores \u00e9 o que mais valorizamos. Por isso, informamos que: Nosso compromisso \u00e9 com voc\u00ea, leitor \u2014 e com a transpar\u00eancia total em cada recomenda\u00e7\u00e3o. \ud83d\udce7 Em caso de d\u00favidas, entre em contato: vgoliveirasuplemento@gmail.com\" \/>\n<meta property=\"og:url\" content=\"https:\/\/goncalvesoliveira.com\/?page_id=83\" \/>\n<meta property=\"og:site_name\" content=\"Suplementos\" \/>\n<meta property=\"article:modified_time\" content=\"2025-10-09T18:04:46+00:00\" \/>\n<meta name=\"twitter:card\" content=\"summary_large_image\" \/>\n<script type=\"application\/ld+json\" class=\"yoast-schema-graph\">{\"@context\":\"https:\/\/schema.org\",\"@graph\":[{\"@type\":\"WebPage\",\"@id\":\"https:\/\/goncalvesoliveira.com\/?page_id=83\",\"url\":\"https:\/\/goncalvesoliveira.com\/?page_id=83\",\"name\":\"Transpar\u00eancia - Suplementos\",\"isPartOf\":{\"@id\":\"https:\/\/goncalvesoliveira.com\/#website\"},\"datePublished\":\"2025-10-09T18:04:24+00:00\",\"dateModified\":\"2025-10-09T18:04:46+00:00\",\"breadcrumb\":{\"@id\":\"https:\/\/goncalvesoliveira.com\/?page_id=83#breadcrumb\"},\"inLanguage\":\"pt-BR\",\"potentialAction\":[{\"@type\":\"ReadAction\",\"target\":[\"https:\/\/goncalvesoliveira.com\/?page_id=83\"]}]},{\"@type\":\"BreadcrumbList\",\"@id\":\"https:\/\/goncalvesoliveira.com\/?page_id=83#breadcrumb\",\"itemListElement\":[{\"@type\":\"ListItem\",\"position\":1,\"name\":\"In\u00edcio\",\"item\":\"https:\/\/goncalvesoliveira.com\/\"},{\"@type\":\"ListItem\",\"position\":2,\"name\":\"Transpar\u00eancia\"}]},{\"@type\":\"WebSite\",\"@id\":\"https:\/\/goncalvesoliveira.com\/#website\",\"url\":\"https:\/\/goncalvesoliveira.com\/\",\"name\":\"Suplementos\",\"description\":\"O refor\u00e7o di\u00e1rio que seu corpo precisa para manter energia, equil\u00edbrio e bem-estar!\",\"publisher\":{\"@id\":\"https:\/\/goncalvesoliveira.com\/#organization\"},\"potentialAction\":[{\"@type\":\"SearchAction\",\"target\":{\"@type\":\"EntryPoint\",\"urlTemplate\":\"https:\/\/goncalvesoliveira.com\/?s={search_term_string}\"},\"query-input\":{\"@type\":\"PropertyValueSpecification\",\"valueRequired\":true,\"valueName\":\"search_term_string\"}}],\"inLanguage\":\"pt-BR\"},{\"@type\":\"Organization\",\"@id\":\"https:\/\/goncalvesoliveira.com\/#organization\",\"name\":\"Suplementos\",\"url\":\"https:\/\/goncalvesoliveira.com\/\",\"logo\":{\"@type\":\"ImageObject\",\"inLanguage\":\"pt-BR\",\"@id\":\"https:\/\/goncalvesoliveira.com\/#\/schema\/logo\/image\/\",\"url\":\"https:\/\/goncalvesoliveira.com\/wp-content\/uploads\/2025\/10\/logotipo.jpeg\",\"contentUrl\":\"https:\/\/goncalvesoliveira.com\/wp-content\/uploads\/2025\/10\/logotipo.jpeg\",\"width\":500,\"height\":500,\"caption\":\"Suplementos\"},\"image\":{\"@id\":\"https:\/\/goncalvesoliveira.com\/#\/schema\/logo\/image\/\"}}]}<\/script>\n<!-- \/ Yoast SEO plugin. -->","yoast_head_json":{"title":"Transpar\u00eancia - Suplementos","robots":{"index":"index","follow":"follow","max-snippet":"max-snippet:-1","max-image-preview":"max-image-preview:large","max-video-preview":"max-video-preview:-1"},"canonical":"https:\/\/goncalvesoliveira.com\/?page_id=83","og_locale":"pt_BR","og_type":"article","og_title":"Transpar\u00eancia - Suplementos","og_description":"A confian\u00e7a dos nossos leitores \u00e9 o que mais valorizamos. Por isso, informamos que: Nosso compromisso \u00e9 com voc\u00ea, leitor \u2014 e com a transpar\u00eancia total em cada recomenda\u00e7\u00e3o. \ud83d\udce7 Em caso de d\u00favidas, entre em contato: vgoliveirasuplemento@gmail.com","og_url":"https:\/\/goncalvesoliveira.com\/?page_id=83","og_site_name":"Suplementos","article_modified_time":"2025-10-09T18:04:46+00:00","twitter_card":"summary_large_image","schema":{"@context":"https:\/\/schema.org","@graph":[{"@type":"WebPage","@id":"https:\/\/goncalvesoliveira.com\/?page_id=83","url":"https:\/\/goncalvesoliveira.com\/?page_id=83","name":"Transpar\u00eancia - Suplementos","isPartOf":{"@id":"https:\/\/goncalvesoliveira.com\/#website"},"datePublished":"2025-10-09T18:04:24+00:00","dateModified":"2025-10-09T18:04:46+00:00","breadcrumb":{"@id":"https:\/\/goncalvesoliveira.com\/?page_id=83#breadcrumb"},"inLanguage":"pt-BR","potentialAction":[{"@type":"ReadAction","target":["https:\/\/goncalvesoliveira.com\/?page_id=83"]}]},{"@type":"BreadcrumbList","@id":"https:\/\/goncalvesoliveira.com\/?page_id=83#breadcrumb","itemListElement":[{"@type":"ListItem","position":1,"name":"In\u00edcio","item":"https:\/\/goncalvesoliveira.com\/"},{"@type":"ListItem","position":2,"name":"Transpar\u00eancia"}]},{"@type":"WebSite","@id":"https:\/\/goncalvesoliveira.com\/#website","url":"https:\/\/goncalvesoliveira.com\/","name":"Suplementos","description":"O refor\u00e7o di\u00e1rio que seu corpo precisa para manter energia, equil\u00edbrio e bem-estar!","publisher":{"@id":"https:\/\/goncalvesoliveira.com\/#organization"},"potentialAction":[{"@type":"SearchAction","target":{"@type":"EntryPoint","urlTemplate":"https:\/\/goncalvesoliveira.com\/?s={search_term_string}"},"query-input":{"@type":"PropertyValueSpecification","valueRequired":true,"valueName":"search_term_string"}}],"inLanguage":"pt-BR"},{"@type":"Organization","@id":"https:\/\/goncalvesoliveira.com\/#organization","name":"Suplementos","url":"https:\/\/goncalvesoliveira.com\/","logo":{"@type":"ImageObject","inLanguage":"pt-BR","@id":"https:\/\/goncalvesoliveira.com\/#\/schema\/logo\/image\/","url":"https:\/\/goncalvesoliveira.com\/wp-content\/uploads\/2025\/10\/logotipo.jpeg","contentUrl":"https:\/\/goncalvesoliveira.com\/wp-content\/uploads\/2025\/10\/logotipo.jpeg","width":500,"height":500,"caption":"Suplementos"},"image":{"@id":"https:\/\/goncalvesoliveira.com\/#\/schema\/logo\/image\/"}}]}},"_hostinger_reach_plugin_has_subscription_block":false,"_hostinger_reach_plugin_is_elementor":false,"_links":{"self":[{"href":"https:\/\/goncalvesoliveira.com\/index.php?rest_route=\/wp\/v2\/pages\/83","targetHints":{"allow":["GET"]}}],"collection":[{"href":"https:\/\/goncalvesoliveira.com\/index.php?rest_route=\/wp\/v2\/pages"}],"about":[{"href":"https:\/\/goncalvesoliveira.com\/index.php?rest_route=\/wp\/v2\/types\/page"}],"author":[{"embeddable":true,"href":"https:\/\/goncalvesoliveira.com\/index.php?rest_route=\/wp\/v2\/users\/1"}],"replies":[{"embeddable":true,"href":"https:\/\/goncalvesoliveira.com\/index.php?rest_route=%2Fwp%2Fv2%2Fcomments&post=83"}],"version-history":[{"count":1,"href":"https:\/\/goncalvesoliveira.com\/index.php?rest_route=\/wp\/v2\/pages\/83\/revisions"}],"predecessor-version":[{"id":84,"href":"https:\/\/goncalvesoliveira.com\/index.php?rest_route=\/wp\/v2\/pages\/83\/revisions\/84"}],"wp:attachment":[{"href":"https:\/\/goncalvesoliveira.com\/index.php?rest_route=%2Fwp%2Fv2%2Fmedia&parent=83"}],"curies":[{"name":"wp","href":"https:\/\/api.w.org\/{rel}","templated":true}]}}